{"id":8,"date":"2026-04-11T20:25:35","date_gmt":"2026-04-11T20:25:35","guid":{"rendered":"https:\/\/www.mapsvoyages.fr\/index.php\/contact\/"},"modified":"2026-04-11T20:25:35","modified_gmt":"2026-04-11T20:25:35","slug":"contact","status":"publish","type":"page","link":"https:\/\/www.mapsvoyages.fr\/index.php\/contact\/","title":{"rendered":"Contact"},"content":{"rendered":"<p>Envie d&rsquo;\u00e9changer ? \u00c9crivez-nous \u00e0 <strong>contact@mapsvoyages.fr<\/strong><\/p>","protected":false},"excerpt":{"rendered":"<p>Envie d&rsquo;\u00e9changer ? \u00c9crivez-nous \u00e0 contact@mapsvoyages.fr<\/p>\n","protected":false},"author":1,"featured_media":0,"parent":0,"menu_order":0,"comment_status":"closed","ping_status":"closed","template":"","meta":{"footnotes":""},"class_list":["post-8","page","type-page","status-publish","hentry","latest_post"],"_links":{"self":[{"href":"https:\/\/www.mapsvoyages.fr\/index.php\/wp-json\/wp\/v2\/pages\/8","targetHints":{"allow":["GET"]}}],"collection":[{"href":"https:\/\/www.mapsvoyages.fr\/index.php\/wp-json\/wp\/v2\/pages"}],"about":[{"href":"https:\/\/www.mapsvoyages.fr\/index.php\/wp-json\/wp\/v2\/types\/page"}],"author":[{"embeddable":true,"href":"https:\/\/www.mapsvoyages.fr\/index.php\/wp-json\/wp\/v2\/users\/1"}],"replies":[{"embeddable":true,"href":"https:\/\/www.mapsvoyages.fr\/index.php\/wp-json\/wp\/v2\/comments?post=8"}],"version-history":[{"count":0,"href":"https:\/\/www.mapsvoyages.fr\/index.php\/wp-json\/wp\/v2\/pages\/8\/revisions"}],"wp:attachment":[{"href":"https:\/\/www.mapsvoyages.fr\/index.php\/wp-json\/wp\/v2\/media?parent=8"}],"curies":[{"name":"wp","href":"https:\/\/api.w.org\/{rel}","templated":true}]}}